{"id":6,"date":"2023-12-29T16:24:45","date_gmt":"2023-12-29T16:24:45","guid":{"rendered":"http:\/\/domiterlegal.com\/?page_id=6"},"modified":"2023-12-29T16:54:15","modified_gmt":"2023-12-29T16:54:15","slug":"kancelaria-radcy-prawnego","status":"publish","type":"page","link":"https:\/\/domiterlegal.com\/","title":{"rendered":"Kancelaria Radcy Prawnego"},"content":{"rendered":"\n<p class=\"has-text-align-center has-primary-color has-text-color has-link-color has-large-font-size wp-elements-2d05e18919c3f010b0087dc91e558ead\"><strong>Natalia Panu\u015b-Domiter<\/strong><\/p>\n\n\n\n<p class=\"has-text-align-center has-primary-color has-text-color has-link-color has-large-font-size wp-elements-571fa434ee9895746e9ea8d1a425215d\"><strong>radca prawny<\/strong><\/p>\n\n\n\n<p class=\"has-text-align-center\">ul. Wenecka 2C\/CM-3<\/p>\n\n\n\n<p class=\"has-text-align-center\">62-080 Tarnowo Podg\u00f3rne<\/p>\n\n\n\n<p class=\"has-text-align-center has-primary-color has-text-color has-link-color wp-elements-a275c328c1f39bb7a3f2e6c9893f0c3d\"><strong>e-mail: n.panus-domiter@domiterlegal.pl<\/strong><\/p>\n\n\n\n<p class=\"has-text-align-center has-primary-color has-text-color has-link-color wp-elements-54498884e3094837741e076940c4f4dc\"><strong>tel. +48 608 422 660<\/strong><\/p>\n\n\n\n<p><\/p>\n\n\n\n<p><\/p>\n\n\n\n<p class=\"has-text-align-center has-primary-color has-background-background-color has-text-color has-background has-link-color has-medium-font-size wp-elements-36e765f8d99afb57e51e2b6df1cb8b02\"><strong>Po wi\u0119cej informacji zapraszamy wkr\u00f3tce. <\/strong><\/p>\n\n\n\n<p class=\"has-text-align-center has-primary-color has-background-background-color has-text-color has-background has-link-color has-medium-font-size wp-elements-a5d6a2367c2571a2b3b68caa24145cee\"><strong>W sprawach zwi\u0105zanych z obs\u0142ug\u0105 prawn\u0105, zach\u0119camy do kontaktu telefonicznego lub mailowego.<\/strong><\/p>\n\n\n\n<p><\/p>\n","protected":false},"excerpt":{"rendered":"<p>Natalia Panu\u015b-Domiter radca prawny ul. Wenecka 2C\/CM-3 62-080 Tarnowo Podg\u00f3rne e-mail: n.panus-domiter@domiterlegal.pl tel. +48 608 422 660 Po wi\u0119cej informacji zapraszamy wkr\u00f3tce. W sprawach zwi\u0105zanych z obs\u0142ug\u0105 prawn\u0105, zach\u0119camy do kontaktu telefonicznego lub mailowego.<\/p>\n","protected":false},"author":1,"featured_media":0,"parent":0,"menu_order":0,"comment_status":"closed","ping_status":"closed","template":"","meta":{"footnotes":""},"class_list":["post-6","page","type-page","status-publish","hentry"],"_links":{"self":[{"href":"https:\/\/domiterlegal.com\/index.php\/wp-json\/wp\/v2\/pages\/6","targetHints":{"allow":["GET"]}}],"collection":[{"href":"https:\/\/domiterlegal.com\/index.php\/wp-json\/wp\/v2\/pages"}],"about":[{"href":"https:\/\/domiterlegal.com\/index.php\/wp-json\/wp\/v2\/types\/page"}],"author":[{"embeddable":true,"href":"https:\/\/domiterlegal.com\/index.php\/wp-json\/wp\/v2\/users\/1"}],"replies":[{"embeddable":true,"href":"https:\/\/domiterlegal.com\/index.php\/wp-json\/wp\/v2\/comments?post=6"}],"version-history":[{"count":8,"href":"https:\/\/domiterlegal.com\/index.php\/wp-json\/wp\/v2\/pages\/6\/revisions"}],"predecessor-version":[{"id":25,"href":"https:\/\/domiterlegal.com\/index.php\/wp-json\/wp\/v2\/pages\/6\/revisions\/25"}],"wp:attachment":[{"href":"https:\/\/domiterlegal.com\/index.php\/wp-json\/wp\/v2\/media?parent=6"}],"curies":[{"name":"wp","href":"https:\/\/api.w.org\/{rel}","templated":true}]}}